{"id":818,"date":"2025-05-27T17:31:22","date_gmt":"2025-05-27T23:31:22","guid":{"rendered":"https:\/\/museojosealfredojimenez.com.mx\/?page_id=818"},"modified":"2025-08-15T11:43:01","modified_gmt":"2025-08-15T17:43:01","slug":"jose-alfredo-jimenez-2","status":"publish","type":"page","link":"https:\/\/museojosealfredojimenez.com.mx\/?page_id=818","title":{"rendered":"Semblanza"},"content":{"rendered":"\n\n\n\n\n\n\n\n\n\n\n\n\n\n\n\n\n\n\n\n\n\n\n\n\n\n\n\n\n\n\n\n\n\n\n\n\n\n\n\n\n\n\n\n\n\n\n\n\n\n\n\n\n\n\n\n\n\n\n\n\n\n\n\n\n\n\n\n\n\n","protected":false},"excerpt":{"rendered":"","protected":false},"author":2,"featured_media":0,"parent":0,"menu_order":0,"comment_status":"closed","ping_status":"closed","template":"","meta":{"footnotes":""},"class_list":["post-818","page","type-page","status-publish","hentry"],"yoast_head":"<!-- This site is optimized with the Yoast SEO plugin v27.3 - https:\/\/yoast.com\/product\/yoast-seo-wordpress\/ -->\n<title>Semblanza Museo Jos\u00e9 Alfredo Jim\u00e9nez | Museo Jos\u00e9 Alfredo Jim\u00e9nez | Casa Natal Dolores Hidalgo, Guanajuato<\/title>\n<meta name=\"description\" content=\"Visita el Museo Jos\u00e9 Alfredo Jim\u00e9nez en Dolores Hidalgo, Guanajuato. Conoce la casa natal del Rey de la M\u00fasica Ranchera con experiencias interactivas, realidad aumentada y 8 salas tem\u00e1ticas.\" \/>\n<meta name=\"robots\" content=\"index, follow, max-snippet:-1, max-image-preview:large, max-video-preview:-1\" \/>\n<link rel=\"canonical\" href=\"https:\/\/museojosealfredojimenez.com.mx\/?page_id=818\" \/>\n<meta property=\"og:locale\" content=\"en_US\" \/>\n<meta property=\"og:type\" content=\"article\" \/>\n<meta property=\"og:title\" content=\"Semblanza Museo Jos\u00e9 Alfredo Jim\u00e9nez | Museo Jos\u00e9 Alfredo Jim\u00e9nez | Casa Natal Dolores Hidalgo, Guanajuato\" \/>\n<meta property=\"og:description\" content=\"Visita el Museo Jos\u00e9 Alfredo Jim\u00e9nez en Dolores Hidalgo, Guanajuato. Conoce la casa natal del Rey de la M\u00fasica Ranchera con experiencias interactivas, realidad aumentada y 8 salas tem\u00e1ticas.\" \/>\n<meta property=\"og:url\" content=\"https:\/\/museojosealfredojimenez.com.mx\/?page_id=818\" \/>\n<meta property=\"og:site_name\" content=\"Museo Jos\u00e9 Alfredo Jim\u00e9nez\" \/>\n<meta property=\"article:publisher\" content=\"https:\/\/www.facebook.com\/profile.php?id=61569461762753\" \/>\n<meta property=\"article:modified_time\" content=\"2025-08-15T17:43:01+00:00\" \/>\n<meta property=\"og:image\" content=\"https:\/\/museojosealfredojimenez.com.mx\/wp-content\/uploads\/21B1.jpg\" \/>\n\t<meta property=\"og:image:width\" content=\"351\" \/>\n\t<meta property=\"og:image:height\" content=\"450\" \/>\n\t<meta property=\"og:image:type\" content=\"image\/jpeg\" \/>\n<meta name=\"twitter:card\" content=\"summary_large_image\" \/>\n<script type=\"application\/ld+json\" class=\"yoast-schema-graph\">{\"@context\":\"https:\\\/\\\/schema.org\",\"@graph\":[{\"@type\":\"WebPage\",\"@id\":\"https:\\\/\\\/museojosealfredojimenez.com.mx\\\/?page_id=818\",\"url\":\"https:\\\/\\\/museojosealfredojimenez.com.mx\\\/?page_id=818\",\"name\":\"Semblanza Museo Jos\u00e9 Alfredo Jim\u00e9nez | Museo Jos\u00e9 Alfredo Jim\u00e9nez | Casa Natal Dolores Hidalgo, Guanajuato\",\"isPartOf\":{\"@id\":\"https:\\\/\\\/museojosealfredojimenez.com.mx\\\/#website\"},\"datePublished\":\"2025-05-27T23:31:22+00:00\",\"dateModified\":\"2025-08-15T17:43:01+00:00\",\"description\":\"Visita el Museo Jos\u00e9 Alfredo Jim\u00e9nez en Dolores Hidalgo, Guanajuato. Conoce la casa natal del Rey de la M\u00fasica Ranchera con experiencias interactivas, realidad aumentada y 8 salas tem\u00e1ticas.\",\"breadcrumb\":{\"@id\":\"https:\\\/\\\/museojosealfredojimenez.com.mx\\\/?page_id=818#breadcrumb\"},\"inLanguage\":\"en-US\",\"potentialAction\":[{\"@type\":\"ReadAction\",\"target\":[\"https:\\\/\\\/museojosealfredojimenez.com.mx\\\/?page_id=818\"]}]},{\"@type\":\"BreadcrumbList\",\"@id\":\"https:\\\/\\\/museojosealfredojimenez.com.mx\\\/?page_id=818#breadcrumb\",\"itemListElement\":[{\"@type\":\"ListItem\",\"position\":1,\"name\":\"Home\",\"item\":\"https:\\\/\\\/museojosealfredojimenez.com.mx\\\/\"},{\"@type\":\"ListItem\",\"position\":2,\"name\":\"Jos\u00e9 Alfredo Jim\u00e9nez\"}]},{\"@type\":\"WebSite\",\"@id\":\"https:\\\/\\\/museojosealfredojimenez.com.mx\\\/#website\",\"url\":\"https:\\\/\\\/museojosealfredojimenez.com.mx\\\/\",\"name\":\"Museo Jos\u00e9 Alfredo Jim\u00e9nez\",\"description\":\"Donde naci\u00f3 el Rey de la M\u00fasica Ranchera\",\"publisher\":{\"@id\":\"https:\\\/\\\/museojosealfredojimenez.com.mx\\\/#organization\"},\"potentialAction\":[{\"@type\":\"SearchAction\",\"target\":{\"@type\":\"EntryPoint\",\"urlTemplate\":\"https:\\\/\\\/museojosealfredojimenez.com.mx\\\/?s={search_term_string}\"},\"query-input\":{\"@type\":\"PropertyValueSpecification\",\"valueRequired\":true,\"valueName\":\"search_term_string\"}}],\"inLanguage\":\"en-US\"},{\"@type\":\"Organization\",\"@id\":\"https:\\\/\\\/museojosealfredojimenez.com.mx\\\/#organization\",\"name\":\"Museo Jos\u00e9 Alfredo Jim\u00e9nez\",\"url\":\"https:\\\/\\\/museojosealfredojimenez.com.mx\\\/\",\"logo\":{\"@type\":\"ImageObject\",\"inLanguage\":\"en-US\",\"@id\":\"https:\\\/\\\/museojosealfredojimenez.com.mx\\\/#\\\/schema\\\/logo\\\/image\\\/\",\"url\":\"https:\\\/\\\/museojosealfredojimenez.com.mx\\\/wp-content\\\/uploads\\\/LogoFondotransparente-scaled.png\",\"contentUrl\":\"https:\\\/\\\/museojosealfredojimenez.com.mx\\\/wp-content\\\/uploads\\\/LogoFondotransparente-scaled.png\",\"width\":2560,\"height\":538,\"caption\":\"Museo Jos\u00e9 Alfredo Jim\u00e9nez\"},\"image\":{\"@id\":\"https:\\\/\\\/museojosealfredojimenez.com.mx\\\/#\\\/schema\\\/logo\\\/image\\\/\"},\"sameAs\":[\"https:\\\/\\\/www.facebook.com\\\/profile.php?id=61569461762753\",\"https:\\\/\\\/www.instagram.com\\\/casamuseojosealfredojimenez\\\/\"]}]}<\/script>\n<!-- \/ Yoast SEO plugin. -->","yoast_head_json":{"title":"Semblanza Museo Jos\u00e9 Alfredo Jim\u00e9nez | Museo Jos\u00e9 Alfredo Jim\u00e9nez | Casa Natal Dolores Hidalgo, Guanajuato","description":"Visita el Museo Jos\u00e9 Alfredo Jim\u00e9nez en Dolores Hidalgo, Guanajuato. Conoce la casa natal del Rey de la M\u00fasica Ranchera con experiencias interactivas, realidad aumentada y 8 salas tem\u00e1ticas.","robots":{"index":"index","follow":"follow","max-snippet":"max-snippet:-1","max-image-preview":"max-image-preview:large","max-video-preview":"max-video-preview:-1"},"canonical":"https:\/\/museojosealfredojimenez.com.mx\/?page_id=818","og_locale":"en_US","og_type":"article","og_title":"Semblanza Museo Jos\u00e9 Alfredo Jim\u00e9nez | Museo Jos\u00e9 Alfredo Jim\u00e9nez | Casa Natal Dolores Hidalgo, Guanajuato","og_description":"Visita el Museo Jos\u00e9 Alfredo Jim\u00e9nez en Dolores Hidalgo, Guanajuato. Conoce la casa natal del Rey de la M\u00fasica Ranchera con experiencias interactivas, realidad aumentada y 8 salas tem\u00e1ticas.","og_url":"https:\/\/museojosealfredojimenez.com.mx\/?page_id=818","og_site_name":"Museo Jos\u00e9 Alfredo Jim\u00e9nez","article_publisher":"https:\/\/www.facebook.com\/profile.php?id=61569461762753","article_modified_time":"2025-08-15T17:43:01+00:00","og_image":[{"width":351,"height":450,"url":"https:\/\/museojosealfredojimenez.com.mx\/wp-content\/uploads\/21B1.jpg","type":"image\/jpeg"}],"twitter_card":"summary_large_image","schema":{"@context":"https:\/\/schema.org","@graph":[{"@type":"WebPage","@id":"https:\/\/museojosealfredojimenez.com.mx\/?page_id=818","url":"https:\/\/museojosealfredojimenez.com.mx\/?page_id=818","name":"Semblanza Museo Jos\u00e9 Alfredo Jim\u00e9nez | Museo Jos\u00e9 Alfredo Jim\u00e9nez | Casa Natal Dolores Hidalgo, Guanajuato","isPartOf":{"@id":"https:\/\/museojosealfredojimenez.com.mx\/#website"},"datePublished":"2025-05-27T23:31:22+00:00","dateModified":"2025-08-15T17:43:01+00:00","description":"Visita el Museo Jos\u00e9 Alfredo Jim\u00e9nez en Dolores Hidalgo, Guanajuato. Conoce la casa natal del Rey de la M\u00fasica Ranchera con experiencias interactivas, realidad aumentada y 8 salas tem\u00e1ticas.","breadcrumb":{"@id":"https:\/\/museojosealfredojimenez.com.mx\/?page_id=818#breadcrumb"},"inLanguage":"en-US","potentialAction":[{"@type":"ReadAction","target":["https:\/\/museojosealfredojimenez.com.mx\/?page_id=818"]}]},{"@type":"BreadcrumbList","@id":"https:\/\/museojosealfredojimenez.com.mx\/?page_id=818#breadcrumb","itemListElement":[{"@type":"ListItem","position":1,"name":"Home","item":"https:\/\/museojosealfredojimenez.com.mx\/"},{"@type":"ListItem","position":2,"name":"Jos\u00e9 Alfredo Jim\u00e9nez"}]},{"@type":"WebSite","@id":"https:\/\/museojosealfredojimenez.com.mx\/#website","url":"https:\/\/museojosealfredojimenez.com.mx\/","name":"Museo Jos\u00e9 Alfredo Jim\u00e9nez","description":"Donde naci\u00f3 el Rey de la M\u00fasica Ranchera","publisher":{"@id":"https:\/\/museojosealfredojimenez.com.mx\/#organization"},"potentialAction":[{"@type":"SearchAction","target":{"@type":"EntryPoint","urlTemplate":"https:\/\/museojosealfredojimenez.com.mx\/?s={search_term_string}"},"query-input":{"@type":"PropertyValueSpecification","valueRequired":true,"valueName":"search_term_string"}}],"inLanguage":"en-US"},{"@type":"Organization","@id":"https:\/\/museojosealfredojimenez.com.mx\/#organization","name":"Museo Jos\u00e9 Alfredo Jim\u00e9nez","url":"https:\/\/museojosealfredojimenez.com.mx\/","logo":{"@type":"ImageObject","inLanguage":"en-US","@id":"https:\/\/museojosealfredojimenez.com.mx\/#\/schema\/logo\/image\/","url":"https:\/\/museojosealfredojimenez.com.mx\/wp-content\/uploads\/LogoFondotransparente-scaled.png","contentUrl":"https:\/\/museojosealfredojimenez.com.mx\/wp-content\/uploads\/LogoFondotransparente-scaled.png","width":2560,"height":538,"caption":"Museo Jos\u00e9 Alfredo Jim\u00e9nez"},"image":{"@id":"https:\/\/museojosealfredojimenez.com.mx\/#\/schema\/logo\/image\/"},"sameAs":["https:\/\/www.facebook.com\/profile.php?id=61569461762753","https:\/\/www.instagram.com\/casamuseojosealfredojimenez\/"]}]}},"_links":{"self":[{"href":"https:\/\/museojosealfredojimenez.com.mx\/index.php?rest_route=\/wp\/v2\/pages\/818","targetHints":{"allow":["GET"]}}],"collection":[{"href":"https:\/\/museojosealfredojimenez.com.mx\/index.php?rest_route=\/wp\/v2\/pages"}],"about":[{"href":"https:\/\/museojosealfredojimenez.com.mx\/index.php?rest_route=\/wp\/v2\/types\/page"}],"author":[{"embeddable":true,"href":"https:\/\/museojosealfredojimenez.com.mx\/index.php?rest_route=\/wp\/v2\/users\/2"}],"replies":[{"embeddable":true,"href":"https:\/\/museojosealfredojimenez.com.mx\/index.php?rest_route=%2Fwp%2Fv2%2Fcomments&post=818"}],"version-history":[{"count":94,"href":"https:\/\/museojosealfredojimenez.com.mx\/index.php?rest_route=\/wp\/v2\/pages\/818\/revisions"}],"predecessor-version":[{"id":1533,"href":"https:\/\/museojosealfredojimenez.com.mx\/index.php?rest_route=\/wp\/v2\/pages\/818\/revisions\/1533"}],"wp:attachment":[{"href":"https:\/\/museojosealfredojimenez.com.mx\/index.php?rest_route=%2Fwp%2Fv2%2Fmedia&parent=818"}],"curies":[{"name":"wp","href":"https:\/\/api.w.org\/{rel}","templated":true}]}}